{"id":49814,"date":"2020-05-21T12:07:57","date_gmt":"2020-05-21T12:07:57","guid":{"rendered":"http:\/\/www.born2beyou.ch\/?page_id=49814"},"modified":"2020-05-21T12:29:58","modified_gmt":"2020-05-21T12:29:58","slug":"faq","status":"publish","type":"page","link":"https:\/\/www.born2beyou.ch\/?page_id=49814","title":{"rendered":"FAQ"},"content":{"rendered":"<p>[et_pb_section fb_built=&#8220;1&#8243; custom_padding_last_edited=&#8220;on|phone&#8220; admin_label=&#8220;section&#8220; _builder_version=&#8220;4.2&#8243; background_color=&#8220;#444444&#8243; use_background_color_gradient=&#8220;on&#8220; background_color_gradient_start=&#8220;rgba(0,0,0,0.49)&#8220; background_color_gradient_end=&#8220;rgba(0,0,0,0.49)&#8220; background_color_gradient_overlays_image=&#8220;on&#8220; background_image=&#8220;https:\/\/www.born2beyou.ch\/wp-content\/uploads\/2020\/05\/life-coach3-1.jpg&#8220; min_height=&#8220;733px&#8220; custom_padding=&#8220;230px||230px||true|false&#8220; custom_padding_tablet=&#8220;&#8220; custom_padding_phone=&#8220;130px||130px||true|false&#8220;][et_pb_row use_custom_gutter=&#8220;on&#8220; gutter_width=&#8220;2&#8243; make_equal=&#8220;on&#8220; admin_label=&#8220;row&#8220; _builder_version=&#8220;4.2&#8243; background_size=&#8220;initial&#8220; background_position=&#8220;top_left&#8220; background_repeat=&#8220;repeat&#8220; width=&#8220;90%&#8220; width_tablet=&#8220;90%&#8220; width_phone=&#8220;90%&#8220; width_last_edited=&#8220;on|tablet&#8220; max_width=&#8220;1200px&#8220; max_width_tablet=&#8220;90%&#8220; max_width_phone=&#8220;90%&#8220; max_width_last_edited=&#8220;on|desktop&#8220; min_height=&#8220;446px&#8220; animation_style=&#8220;fade&#8220;][et_pb_column type=&#8220;4_4&#8243; _builder_version=&#8220;3.25&#8243; custom_padding=&#8220;|||&#8220; custom_padding__hover=&#8220;|||&#8220;][et_pb_text _builder_version=&#8220;4.2&#8243; header_font=&#8220;Lora||||||||&#8220; header_text_align=&#8220;center&#8220; header_text_color=&#8220;#ffffff&#8220; header_font_size=&#8220;64px&#8220; header_letter_spacing=&#8220;-1px&#8220; header_font_size_tablet=&#8220;40px&#8220; header_font_size_phone=&#8220;35px&#8220; header_font_size_last_edited=&#8220;on|phone&#8220;]<\/p>\n<h1><\/h1>\n<h1>Sch\u00f6n, dass es dich gibt<\/h1>\n<h1>und du hier bist.<\/h1>\n<p>[\/et_pb_text][et_pb_text _builder_version=&#8220;4.2&#8243; text_font=&#8220;Barlow|300|||||||&#8220; text_text_color=&#8220;#ffffff&#8220; text_font_size=&#8220;20px&#8220; text_line_height=&#8220;1.8em&#8220; text_orientation=&#8220;center&#8220; max_width=&#8220;709px&#8220; module_alignment=&#8220;center&#8220; custom_margin_tablet=&#8220;-10px||||false|false&#8220; custom_margin_phone=&#8220;-10px||||false|false&#8220; custom_margin_last_edited=&#8220;on|phone&#8220;]<\/p>\n<p>M\u00f6chtest du endlich deine Version vom Leben leben?<span style=\"font-size: 20px;\">\u00a0<\/span><span style=\"font-size: 20px;\">Dich von alten Gef\u00fchlen, Mustern oder Ereignissen trennen?\u00a0<\/span><span style=\"font-size: 20px;\">Dann bist du hier genau richtig.<\/span><span style=\"font-size: 20px;\">\u00a0<\/span><\/p>\n<p>Gemeinsam misten wir deinen Gef\u00fchlskleiderschrank aus. Damit du gest\u00e4rkt den n\u00e4chsten Schritt in deine Freiheit gehen kannst.<span style=\"font-size: 20px;\"><\/span><\/p>\n<p>&nbsp;<\/p>\n<p>[\/et_pb_text][\/et_pb_column][\/et_pb_row][\/et_pb_section][et_pb_section fb_built=&#8220;1&#8243; admin_label=&#8220;Accordion Section&#8220; _builder_version=&#8220;3.26&#8243; custom_padding=&#8220;80px|0px|80px|0px|true|false&#8220; collapsed=&#8220;off&#8220;][et_pb_row use_custom_gutter=&#8220;on&#8220; gutter_width=&#8220;2&#8243; make_equal=&#8220;on&#8220; admin_label=&#8220;Accordion Row&#8220; _builder_version=&#8220;4.4.7&#8243; width_tablet=&#8220;90%&#8220; width_phone=&#8220;90%&#8220; width_last_edited=&#8220;off|tablet&#8220; max_width_tablet=&#8220;90%&#8220; max_width_phone=&#8220;90%&#8220; max_width_last_edited=&#8220;off|phone&#8220; custom_margin=&#8220;|||&#8220; custom_padding=&#8220;|0px||0px|true|false&#8220; use_custom_width=&#8220;on&#8220; width_unit=&#8220;off&#8220; custom_width_percent=&#8220;100%&#8220;][et_pb_column type=&#8220;4_4&#8243; _builder_version=&#8220;4.4.7&#8243; background_color=&#8220;rgba(0,0,0,0)&#8220; background_enable_image=&#8220;off&#8220; custom_padding=&#8220;|||&#8220; custom_padding_tablet=&#8220;|10%||10%||true&#8220; custom_padding_last_edited=&#8220;off|tablet&#8220; custom_padding__hover=&#8220;|||&#8220;][et_pb_accordion open_toggle_text_color=&#8220;#000000&#8243; open_toggle_background_color=&#8220;rgba(0,0,0,0)&#8220; closed_toggle_text_color=&#8220;#ffffff&#8220; closed_toggle_background_color=&#8220;#383838&#8243; icon_color=&#8220;#ffffff&#8220; _builder_version=&#8220;4.4.7&#8243; toggle_font=&#8220;Poppins||||||||&#8220; toggle_font_size=&#8220;16px&#8220; toggle_line_height=&#8220;1.5em&#8220; body_font=&#8220;Roboto|300|||||||&#8220; body_text_color=&#8220;#000000&#8243; body_font_size=&#8220;15px&#8220; body_line_height=&#8220;1.8em&#8220; max_width_last_edited=&#8220;off|desktop&#8220; custom_margin=&#8220;|||33px&#8220; custom_margin_tablet=&#8220;40px|||0px&#8220; custom_margin_phone=&#8220;40px|||0px&#8220; custom_margin_last_edited=&#8220;on|desktop&#8220; custom_padding=&#8220;|||&#8220; animation_direction=&#8220;right&#8220; border_color_all=&#8220;#383838&#8243; closed_toggle_background_color__hover=&#8220;#FFEB3B&#8220; closed_toggle_text_color__hover=&#8220;#042E69&#8243; icon_color__hover=&#8220;#042E69&#8243;][et_pb_accordion_item title=&#8220;Wann macht eine Thetareading-Sitzung Sinn?&#8220; open=&#8220;on&#8220; _builder_version=&#8220;4.4.7&#8243;]<\/p>\n<p><span>Jeder von uns begegnet im Alltag Situationen, Menschen und Herausforderungen die es zu meistern gibt. Doch manchmal passiert etwas, was das Fass zum \u00fcberlaufen bringt. Das kann ein Streit, ein Jobwechsel, eine belastende Situation mit dem Kind, eine Krankheit, st\u00e4ndige Schmerzen, oder ein Thema sein, welches sich immer wieder zeigt. Egal was das ausschlaggebende Erlebnis ist, man weiss instinktiv, dass es nun an der Zeit ist etwas zu \u00e4ndern. Doch oft weiss man nicht wie oder wo ansetzen. Hier ist f\u00fcr mich eine Thetareading-Sitzung ein sehr guter Einstieg, um der Ursache des Problems n\u00e4her zu kommen.<span class=\"Apple-converted-space\">\u00a0<\/span><\/span><\/p>\n<p>[\/et_pb_accordion_item][et_pb_accordion_item title=&#8220;Wie l\u00e4uft eine Thetareading-Sitzung ab?&#8220; _builder_version=&#8220;4.4.7&#8243; open=&#8220;off&#8220;]<\/p>\n<p><span>Bei einem Thetareading sitzt man sich gegen\u00fcber. Zuerst bespricht man die Ausgangssituation bzw. die aktuelle \u00abDruckstelle\u00bb. Anschliessend schliessen beide die Augen und mittels einem einfachen Vorgang gehen wir in die Thetawellenfrequenz \u00fcber. Dies ist ein Zustand von tiefer Entspannung, wobei du, entgegen einer Hypnose, bei vollem Bewusstsein bist.<span class=\"Apple-converted-space\">\u00a0<\/span><\/span><\/p>\n<p><span>Ich erz\u00e4hle dir von meinen Wahrnehmungen, Bildern und Empfindungen und du sagst mir, was diese bei dir bewirken. Es entsteht eine gemeinsame Reise, in welcher wir herausfinden was zu tun ist, damit wir deine aktuelle Situation verbessern k\u00f6nnen. Wenn sich Dinge anfangen zu l\u00f6sen, kann dies oft noch innerhalb der Sitzung als Erleichterung empfunden werden.<\/span><\/p>\n<p><span><\/span><\/p>\n<p><span>Bisherige Kunden beschreiben ihre Erfahrungen so:<\/span><\/p>\n<p>[\/et_pb_accordion_item][et_pb_accordion_item title=&#8220;Muss ich f\u00fcr eine Sitzung immer vor Ort kommen?&#8220; _builder_version=&#8220;4.4.7&#8243; open=&#8220;off&#8220;]<\/p>\n<p><span>Da ich in Zeiten von Corona gestartet bin, konnte ich meine ersten Kunden gar nicht vor Ort empfangen. Ich war gezwungen die Gespr\u00e4che per Facetime und Skype abzuhalten.<\/span><\/p>\n<p><span>Dies lief erstaunlich gut und ich h\u00e4tte mir das vor Corona ehrlich gesagt auch nicht vorstellen k\u00f6nnen. Denn das pers\u00f6nliche Gespr\u00e4ch bzw. vis-\u00e0-vis sitzen ist f\u00fcr mich sehr wertvoll.<\/span><\/p>\n<p><span>Darum habe ich mich entschieden, dies meinen Kunden zu \u00fcberlassen. Denn ich f\u00fchle mich mit beiden Optionen wohl und habe bisher auch keinen Unterschied beim Ergebnis festgestellt.<\/span><\/p>\n<p><span>Wenn du also bei der Terminvereinbarung nichts weiter sagst, gehe ich davon aus, dass du zu mir<span class=\"Apple-converted-space\">\u00a0 <\/span>kommst und ansonsten machen wir explizit ein online-Sitzung ab.<\/span><\/p>\n<p><span>Wichtig ist, dass du dich bei einer Online-Sitzung an einem ungest\u00f6rten, ruhigen Ort aufh\u00e4ltst und du guten Internet Empfang hast.<span class=\"Apple-converted-space\">\u00a0<\/span><\/span><\/p>\n<p>[\/et_pb_accordion_item][et_pb_accordion_item title=&#8220;Irgendwie habe ich Angst, was da alles kommen k\u00f6nnte?&#8220; _builder_version=&#8220;4.4.7&#8243; open=&#8220;off&#8220;]<\/p>\n<p><span>W\u00e4hrend einer Sitzung passiert immer alles zum h\u00f6chsten und besten Wohl von dir. Es geschieht alles im Vertrauen und du entscheidest immer, was und wie tief ein Thema oder eine Person in Bezug mit dir angeschaut werden soll.<\/span><\/p>\n<p>[\/et_pb_accordion_item][et_pb_accordion_item title=&#8220;Wie lange dauert eine Sitzung?&#8220; _builder_version=&#8220;4.4.7&#8243; open=&#8220;off&#8220;]<\/p>\n<p><span>Die erste Sitzung dauert 90-120 Minuten. Ich erkl\u00e4re dir den genauen Sitzungsablauf und wir schauen uns in einem n\u00e4chsten Schritt an, wo dich im Moment der Schuh dr\u00fcckt bzw. was gel\u00f6st werden m\u00f6chte. So arbeiten wir uns Schritt f\u00fcr Schritt vorw\u00e4rts.<span class=\"Apple-converted-space\">\u00a0<\/span><\/span><\/p>\n<p><span>Folgetermine dauern dann in der Regel noch ca. 60 Minuten.<\/span><\/p>\n<p>[\/et_pb_accordion_item][et_pb_accordion_item title=&#8220;Was kostet eine Sitzung und kann ich dies von meiner Krankenkasse r\u00fcckverg\u00fcten lassen?&#8220; _builder_version=&#8220;4.4.7&#8243; open=&#8220;off&#8220;]<\/p>\n<p><span>Mein Ansatz liegt bei CHF 148.- f\u00fcr 60 Minuten. Bezahlen kann man mittels TWINT, per Einzahlungsschein oder bar nach der Sitzung.<\/span><\/p>\n<p><span>Thetareading wird von Krankenkassen nicht r\u00fcckverg\u00fctet.<\/span><\/p>\n<p>[\/et_pb_accordion_item][et_pb_accordion_item title=&#8220;Wie bin ich zum Thetareading gekommen?&#8220; _builder_version=&#8220;4.4.7&#8243; open=&#8220;off&#8220;]<\/p>\n<p><span>Wie viele andere Leute, habe ich eine klassische KV Lehre mit Berufsmatur absolviert. Anschliessend habe ich meine Kenntnisse im Bereich Marketing, Kommunikation und Medien mit diversen Weiterbildungen vertieft. Durch diverse Ereignisse bzw. Krankheiten in meinem Leben habe ich mich privat auf die Suche nach L\u00f6sungen f\u00fcr meine Symptome gemacht. Ich durfte dabei diverse Therapieformen und Menschen begegnen, welche mir sehr weitergeholfen haben. Ich habe f\u00fcr mich erkannt, dass Heilung nicht nur auf der k\u00f6rperlichen Ebene stattfinden kann. Denn die Ursache liegt oft tiefer vergraben und dorthin bzw. auf diese Idee muss man zuerst einmal kommen. Da ich f\u00fcr mich diese Krankheiten aufl\u00f6sen konnte, habe ich mich weiterhin sehr stark mit dem Thema auseinander gesetzt. Mehr dazu findest du auf meinem Blog.<\/span><\/p>\n<p><span><\/span><\/p>\n<p><span>Nach unz\u00e4hligen B\u00fcchern, Coachings und Gespr\u00e4chen bin ich per Zufall auf Franziska Huber gestossen, welche das Thetareading als Therapieform ins Leben gerufen hat. Ich habe bei ihr das Seminar gebucht und war absolut fasziniert von der Methode. Wie einfach und in welch kurzer Zeit sich Dinge zeigen und aufl\u00f6sen lassen. Wenn man dazu bereit ist.<\/span><\/p>\n<p><span>Aus diesem Grund habe ich mich entschieden mich selbstst\u00e4ndig zu machen und Menschen, welche in einem Ver\u00e4nderungsprozess stecken und sich ver\u00e4ndern wollen, auf Ihrem Weg zu begleiten und betreuen.<\/span><\/p>\n<p>[\/et_pb_accordion_item][et_pb_accordion_item title=&#8220;Kann ich mein Kind auch f\u00fcr ein Thetareading anmelden?&#8220; _builder_version=&#8220;4.4.7&#8243; open=&#8220;off&#8220;]<\/p>\n<p>&#8230;<\/p>\n<p>[\/et_pb_accordion_item][\/et_pb_accordion][\/et_pb_column][\/et_pb_row][\/et_pb_section]<\/p>\n","protected":false},"excerpt":{"rendered":"<p>[et_pb_section fb_built=&#8220;1&#8243; custom_padding_last_edited=&#8220;on|phone&#8220; admin_label=&#8220;section&#8220; _builder_version=&#8220;4.2&#8243; background_color=&#8220;#444444&#8243; use_background_color_gradient=&#8220;on&#8220; background_color_gradient_start=&#8220;rgba(0,0,0,0.49)&#8220; background_color_gradient_end=&#8220;rgba(0,0,0,0.49)&#8220; background_color_gradient_overlays_image=&#8220;on&#8220; background_image=&#8220;https:\/\/www.born2beyou.ch\/wp-content\/uploads\/2020\/05\/life-coach3-1.jpg&#8220; min_height=&#8220;733px&#8220; custom_padding=&#8220;230px||230px||true|false&#8220; custom_padding_tablet=&#8220;&#8220; custom_padding_phone=&#8220;130px||130px||true|false&#8220;][et_pb_row use_custom_gutter=&#8220;on&#8220; gutter_width=&#8220;2&#8243; make_equal=&#8220;on&#8220; admin_label=&#8220;row&#8220; _builder_version=&#8220;4.2&#8243; background_size=&#8220;initial&#8220; background_position=&#8220;top_left&#8220; background_repeat=&#8220;repeat&#8220; width=&#8220;90%&#8220; width_tablet=&#8220;90%&#8220; width_phone=&#8220;90%&#8220; width_last_edited=&#8220;on|tablet&#8220; max_width=&#8220;1200px&#8220; max_width_tablet=&#8220;90%&#8220; max_width_phone=&#8220;90%&#8220; max_width_last_edited=&#8220;on|desktop&#8220; min_height=&#8220;446px&#8220; animation_style=&#8220;fade&#8220;][et_pb_column type=&#8220;4_4&#8243; _builder_version=&#8220;3.25&#8243; custom_padding=&#8220;|||&#8220; custom_padding__hover=&#8220;|||&#8220;][et_pb_text _builder_version=&#8220;4.2&#8243; header_font=&#8220;Lora||||||||&#8220; header_text_align=&#8220;center&#8220; header_text_color=&#8220;#ffffff&#8220; header_font_size=&#8220;64px&#8220; header_letter_spacing=&#8220;-1px&#8220; header_font_size_tablet=&#8220;40px&#8220; header_font_size_phone=&#8220;35px&#8220; header_font_size_last_edited=&#8220;on|phone&#8220;] Sch\u00f6n, dass es dich gibt und du hier bist. [&hellip;]<\/p>\n","protected":false},"author":1,"featured_media":0,"parent":2,"menu_order":2,"comment_status":"closed","ping_status":"closed","template":"","meta":{"_et_pb_use_builder":"on","_et_pb_old_content":"","_et_gb_content_width":"","footnotes":""},"class_list":["post-49814","page","type-page","status-publish","hentry"],"yoast_head":"<!-- This site is optimized with the Yoast SEO plugin v27.4 - https:\/\/yoast.com\/product\/yoast-seo-wordpress\/ -->\n<title>FAQ - born2beyou<\/title>\n<meta name=\"robots\" content=\"index, follow, max-snippet:-1, max-image-preview:large, max-video-preview:-1\" \/>\n<link rel=\"canonical\" href=\"https:\/\/www.born2beyou.ch\/?page_id=49814\" \/>\n<meta property=\"og:locale\" content=\"de_DE\" \/>\n<meta property=\"og:type\" content=\"article\" \/>\n<meta property=\"og:title\" content=\"FAQ - born2beyou\" \/>\n<meta property=\"og:description\" content=\"[et_pb_section fb_built=&#8220;1&#8243; custom_padding_last_edited=&#8220;on|phone&#8220; admin_label=&#8220;section&#8220; _builder_version=&#8220;4.2&#8243; background_color=&#8220;#444444&#8243; use_background_color_gradient=&#8220;on&#8220; background_color_gradient_start=&#8220;rgba(0,0,0,0.49)&#8220; background_color_gradient_end=&#8220;rgba(0,0,0,0.49)&#8220; background_color_gradient_overlays_image=&#8220;on&#8220; background_image=&#8220;https:\/\/www.born2beyou.ch\/wp-content\/uploads\/2020\/05\/life-coach3-1.jpg&#8220; min_height=&#8220;733px&#8220; custom_padding=&#8220;230px||230px||true|false&#8220; custom_padding_tablet=&#8220;&#8220; custom_padding_phone=&#8220;130px||130px||true|false&#8220;][et_pb_row use_custom_gutter=&#8220;on&#8220; gutter_width=&#8220;2&#8243; make_equal=&#8220;on&#8220; admin_label=&#8220;row&#8220; _builder_version=&#8220;4.2&#8243; background_size=&#8220;initial&#8220; background_position=&#8220;top_left&#8220; background_repeat=&#8220;repeat&#8220; width=&#8220;90%&#8220; width_tablet=&#8220;90%&#8220; width_phone=&#8220;90%&#8220; width_last_edited=&#8220;on|tablet&#8220; max_width=&#8220;1200px&#8220; max_width_tablet=&#8220;90%&#8220; max_width_phone=&#8220;90%&#8220; max_width_last_edited=&#8220;on|desktop&#8220; min_height=&#8220;446px&#8220; animation_style=&#8220;fade&#8220;][et_pb_column type=&#8220;4_4&#8243; _builder_version=&#8220;3.25&#8243; custom_padding=&#8220;|||&#8220; custom_padding__hover=&#8220;|||&#8220;][et_pb_text _builder_version=&#8220;4.2&#8243; header_font=&#8220;Lora||||||||&#8220; header_text_align=&#8220;center&#8220; header_text_color=&#8220;#ffffff&#8220; header_font_size=&#8220;64px&#8220; header_letter_spacing=&#8220;-1px&#8220; header_font_size_tablet=&#8220;40px&#8220; header_font_size_phone=&#8220;35px&#8220; header_font_size_last_edited=&#8220;on|phone&#8220;] Sch\u00f6n, dass es dich gibt und du hier bist. [&hellip;]\" \/>\n<meta property=\"og:url\" content=\"https:\/\/www.born2beyou.ch\/?page_id=49814\" \/>\n<meta property=\"og:site_name\" content=\"born2beyou\" \/>\n<meta property=\"article:modified_time\" content=\"2020-05-21T12:29:58+00:00\" \/>\n<meta name=\"twitter:card\" content=\"summary_large_image\" \/>\n<meta name=\"twitter:label1\" content=\"Gesch\u00e4tzte Lesezeit\" \/>\n\t<meta name=\"twitter:data1\" content=\"7\u00a0Minuten\" \/>\n<script type=\"application\/ld+json\" class=\"yoast-schema-graph\">{\"@context\":\"https:\\\/\\\/schema.org\",\"@graph\":[{\"@type\":\"WebPage\",\"@id\":\"https:\\\/\\\/www.born2beyou.ch\\\/?page_id=49814\",\"url\":\"https:\\\/\\\/www.born2beyou.ch\\\/?page_id=49814\",\"name\":\"FAQ - born2beyou\",\"isPartOf\":{\"@id\":\"https:\\\/\\\/www.born2beyou.ch\\\/#website\"},\"datePublished\":\"2020-05-21T12:07:57+00:00\",\"dateModified\":\"2020-05-21T12:29:58+00:00\",\"breadcrumb\":{\"@id\":\"https:\\\/\\\/www.born2beyou.ch\\\/?page_id=49814#breadcrumb\"},\"inLanguage\":\"de\",\"potentialAction\":[{\"@type\":\"ReadAction\",\"target\":[\"https:\\\/\\\/www.born2beyou.ch\\\/?page_id=49814\"]}]},{\"@type\":\"BreadcrumbList\",\"@id\":\"https:\\\/\\\/www.born2beyou.ch\\\/?page_id=49814#breadcrumb\",\"itemListElement\":[{\"@type\":\"ListItem\",\"position\":1,\"name\":\"Home\",\"item\":\"https:\\\/\\\/www.born2beyou.ch\\\/\"},{\"@type\":\"ListItem\",\"position\":2,\"name\":\"Startseite\",\"item\":\"https:\\\/\\\/www.born2beyou.ch\\\/\"},{\"@type\":\"ListItem\",\"position\":3,\"name\":\"FAQ\"}]},{\"@type\":\"WebSite\",\"@id\":\"https:\\\/\\\/www.born2beyou.ch\\\/#website\",\"url\":\"https:\\\/\\\/www.born2beyou.ch\\\/\",\"name\":\"born2beyou\",\"description\":\"Just another WordPress site\",\"potentialAction\":[{\"@type\":\"SearchAction\",\"target\":{\"@type\":\"EntryPoint\",\"urlTemplate\":\"https:\\\/\\\/www.born2beyou.ch\\\/?s={search_term_string}\"},\"query-input\":{\"@type\":\"PropertyValueSpecification\",\"valueRequired\":true,\"valueName\":\"search_term_string\"}}],\"inLanguage\":\"de\"}]}<\/script>\n<!-- \/ Yoast SEO plugin. -->","yoast_head_json":{"title":"FAQ - born2beyou","robots":{"index":"index","follow":"follow","max-snippet":"max-snippet:-1","max-image-preview":"max-image-preview:large","max-video-preview":"max-video-preview:-1"},"canonical":"https:\/\/www.born2beyou.ch\/?page_id=49814","og_locale":"de_DE","og_type":"article","og_title":"FAQ - born2beyou","og_description":"[et_pb_section fb_built=&#8220;1&#8243; custom_padding_last_edited=&#8220;on|phone&#8220; admin_label=&#8220;section&#8220; _builder_version=&#8220;4.2&#8243; background_color=&#8220;#444444&#8243; use_background_color_gradient=&#8220;on&#8220; background_color_gradient_start=&#8220;rgba(0,0,0,0.49)&#8220; background_color_gradient_end=&#8220;rgba(0,0,0,0.49)&#8220; background_color_gradient_overlays_image=&#8220;on&#8220; background_image=&#8220;https:\/\/www.born2beyou.ch\/wp-content\/uploads\/2020\/05\/life-coach3-1.jpg&#8220; min_height=&#8220;733px&#8220; custom_padding=&#8220;230px||230px||true|false&#8220; custom_padding_tablet=&#8220;&#8220; custom_padding_phone=&#8220;130px||130px||true|false&#8220;][et_pb_row use_custom_gutter=&#8220;on&#8220; gutter_width=&#8220;2&#8243; make_equal=&#8220;on&#8220; admin_label=&#8220;row&#8220; _builder_version=&#8220;4.2&#8243; background_size=&#8220;initial&#8220; background_position=&#8220;top_left&#8220; background_repeat=&#8220;repeat&#8220; width=&#8220;90%&#8220; width_tablet=&#8220;90%&#8220; width_phone=&#8220;90%&#8220; width_last_edited=&#8220;on|tablet&#8220; max_width=&#8220;1200px&#8220; max_width_tablet=&#8220;90%&#8220; max_width_phone=&#8220;90%&#8220; max_width_last_edited=&#8220;on|desktop&#8220; min_height=&#8220;446px&#8220; animation_style=&#8220;fade&#8220;][et_pb_column type=&#8220;4_4&#8243; _builder_version=&#8220;3.25&#8243; custom_padding=&#8220;|||&#8220; custom_padding__hover=&#8220;|||&#8220;][et_pb_text _builder_version=&#8220;4.2&#8243; header_font=&#8220;Lora||||||||&#8220; header_text_align=&#8220;center&#8220; header_text_color=&#8220;#ffffff&#8220; header_font_size=&#8220;64px&#8220; header_letter_spacing=&#8220;-1px&#8220; header_font_size_tablet=&#8220;40px&#8220; header_font_size_phone=&#8220;35px&#8220; header_font_size_last_edited=&#8220;on|phone&#8220;] Sch\u00f6n, dass es dich gibt und du hier bist. [&hellip;]","og_url":"https:\/\/www.born2beyou.ch\/?page_id=49814","og_site_name":"born2beyou","article_modified_time":"2020-05-21T12:29:58+00:00","twitter_card":"summary_large_image","twitter_misc":{"Gesch\u00e4tzte Lesezeit":"7\u00a0Minuten"},"schema":{"@context":"https:\/\/schema.org","@graph":[{"@type":"WebPage","@id":"https:\/\/www.born2beyou.ch\/?page_id=49814","url":"https:\/\/www.born2beyou.ch\/?page_id=49814","name":"FAQ - born2beyou","isPartOf":{"@id":"https:\/\/www.born2beyou.ch\/#website"},"datePublished":"2020-05-21T12:07:57+00:00","dateModified":"2020-05-21T12:29:58+00:00","breadcrumb":{"@id":"https:\/\/www.born2beyou.ch\/?page_id=49814#breadcrumb"},"inLanguage":"de","potentialAction":[{"@type":"ReadAction","target":["https:\/\/www.born2beyou.ch\/?page_id=49814"]}]},{"@type":"BreadcrumbList","@id":"https:\/\/www.born2beyou.ch\/?page_id=49814#breadcrumb","itemListElement":[{"@type":"ListItem","position":1,"name":"Home","item":"https:\/\/www.born2beyou.ch\/"},{"@type":"ListItem","position":2,"name":"Startseite","item":"https:\/\/www.born2beyou.ch\/"},{"@type":"ListItem","position":3,"name":"FAQ"}]},{"@type":"WebSite","@id":"https:\/\/www.born2beyou.ch\/#website","url":"https:\/\/www.born2beyou.ch\/","name":"born2beyou","description":"Just another WordPress site","potentialAction":[{"@type":"SearchAction","target":{"@type":"EntryPoint","urlTemplate":"https:\/\/www.born2beyou.ch\/?s={search_term_string}"},"query-input":{"@type":"PropertyValueSpecification","valueRequired":true,"valueName":"search_term_string"}}],"inLanguage":"de"}]}},"_links":{"self":[{"href":"https:\/\/www.born2beyou.ch\/index.php?rest_route=\/wp\/v2\/pages\/49814","targetHints":{"allow":["GET"]}}],"collection":[{"href":"https:\/\/www.born2beyou.ch\/index.php?rest_route=\/wp\/v2\/pages"}],"about":[{"href":"https:\/\/www.born2beyou.ch\/index.php?rest_route=\/wp\/v2\/types\/page"}],"author":[{"embeddable":true,"href":"https:\/\/www.born2beyou.ch\/index.php?rest_route=\/wp\/v2\/users\/1"}],"replies":[{"embeddable":true,"href":"https:\/\/www.born2beyou.ch\/index.php?rest_route=%2Fwp%2Fv2%2Fcomments&post=49814"}],"version-history":[{"count":5,"href":"https:\/\/www.born2beyou.ch\/index.php?rest_route=\/wp\/v2\/pages\/49814\/revisions"}],"predecessor-version":[{"id":49828,"href":"https:\/\/www.born2beyou.ch\/index.php?rest_route=\/wp\/v2\/pages\/49814\/revisions\/49828"}],"up":[{"embeddable":true,"href":"https:\/\/www.born2beyou.ch\/index.php?rest_route=\/wp\/v2\/pages\/2"}],"wp:attachment":[{"href":"https:\/\/www.born2beyou.ch\/index.php?rest_route=%2Fwp%2Fv2%2Fmedia&parent=49814"}],"curies":[{"name":"wp","href":"https:\/\/api.w.org\/{rel}","templated":true}]}}